{"id":794,"date":"2021-03-14T22:05:55","date_gmt":"2021-03-14T21:05:55","guid":{"rendered":"http:\/\/94.23.28.138\/Josie\/?page_id=794"},"modified":"2024-11-21T22:01:03","modified_gmt":"2024-11-21T21:01:03","slug":"a-propos-2","status":"publish","type":"page","link":"https:\/\/josiepeintures.org\/?page_id=794","title":{"rendered":"A PROPOS"},"content":{"rendered":"\n<div class=\"wp-block-image is-style-default\"><figure class=\"aligncenter size-large is-resized\"><img decoding=\"async\" loading=\"lazy\" src=\"http:\/\/94.23.28.138\/Josie\/wp-content\/uploads\/2021\/05\/Capture-decran-2021-05-12-224326.jpg\" alt=\"\" class=\"wp-image-1281\" width=\"297\" height=\"361\" srcset=\"https:\/\/josiepeintures.org\/wp-content\/uploads\/2021\/05\/Capture-decran-2021-05-12-224326.jpg 486w, https:\/\/josiepeintures.org\/wp-content\/uploads\/2021\/05\/Capture-decran-2021-05-12-224326-247x300.jpg 247w\" sizes=\"(max-width: 297px) 100vw, 297px\" \/><\/figure><\/div>\n\n\n\n<p class=\"has-text-align-center\">Depuis de nombreuses ann\u00e9es, la peinture s&rsquo;impose \u00e0 moi comme une \u00e9vidence. La d\u00e9couverte de cet art m&rsquo;est confirm\u00e9e lors de la visite de grandes oeuvres dans certains mus\u00e9es parisiens, notamment le Louvre.<\/p>\n\n\n\n<p class=\"has-text-align-center\">Attir\u00e9e par les couleurs et la lumi\u00e8re des Impressionnistes, la peinture Flamande, Turner avec ses explosions de couleurs; novice, je me suis d\u00e9cid\u00e9e \u00e0 prendre des cours de dessin et de peinture.<\/p>\n\n\n\n<p class=\"has-text-align-center\">Art Vivant \u00e0 Ch\u00e2lons en Champagne fut mon premier Atelier . Madame RIBEROLLE en \u00e9tait la professeure. Cette personne de 70 ans  enseignait avec beaucoup de verve le dessin, la peinture \u00e0 l&rsquo;huile, l&rsquo;acrylique, pastels secs et gras, sans oublier l&rsquo;estampe Japonaise et ses encres de chine noire et color\u00e9es. Elle nous a d\u00e9voil\u00e9 tous ses secrets, petites astuces, sans oublier le mat\u00e9riel du peintre: toiles, lavis, m\u00e9langes des couleurs, glacis, structures etc&#8230; son maitre \u00e9tait PICASSO il y a bien longtemps.<\/p>\n\n\n\n<div class=\"wp-block-image is-style-default\"><figure class=\"alignleft size-large is-resized\"><img decoding=\"async\" loading=\"lazy\" src=\"http:\/\/94.23.28.138\/Josie\/wp-content\/uploads\/2021\/05\/DSCN2272-1024x768.jpg\" alt=\"\" class=\"wp-image-1176\" width=\"232\" height=\"174\" srcset=\"https:\/\/josiepeintures.org\/wp-content\/uploads\/2021\/05\/DSCN2272-1024x768.jpg 1024w, https:\/\/josiepeintures.org\/wp-content\/uploads\/2021\/05\/DSCN2272-300x225.jpg 300w, https:\/\/josiepeintures.org\/wp-content\/uploads\/2021\/05\/DSCN2272-768x576.jpg 768w, https:\/\/josiepeintures.org\/wp-content\/uploads\/2021\/05\/DSCN2272-1536x1152.jpg 1536w, https:\/\/josiepeintures.org\/wp-content\/uploads\/2021\/05\/DSCN2272-2048x1536.jpg 2048w, https:\/\/josiepeintures.org\/wp-content\/uploads\/2021\/05\/DSCN2272-1240x930.jpg 1240w, https:\/\/josiepeintures.org\/wp-content\/uploads\/2021\/05\/DSCN2272-508x381.jpg 508w\" sizes=\"(max-width: 232px) 100vw, 232px\" \/><\/figure><\/div>\n\n\n\n<p class=\"has-text-align-center\">Les expositions ne se sont pas fait attendre. Apr\u00e8s quelques ann\u00e9es d&rsquo;apprentissage, le moment \u00e9tait venu d&rsquo;y participer.<\/p>\n\n\n\n<p class=\"has-text-align-center\">C<span class=\"has-inline-color has-black-color\">elles ci se sont succ\u00e9d\u00e9es, mon travail \u00e9tant plus s\u00fbr, plus audacieux parfois, sans lassitude. Je continue \u00e0 laisser aller mon inventivit\u00e9, en cr\u00e9ant des toiles color\u00e9es, appr\u00e9ci\u00e9es par les visiteurs.<\/span><\/p>\n\n\n\n<p><\/p>\n\n\n\n<p><\/p>\n\n\n\n<div class=\"wp-block-image is-style-default\"><figure class=\"aligncenter size-large is-resized\"><img decoding=\"async\" loading=\"lazy\" src=\"http:\/\/94.23.28.138\/Josie\/wp-content\/uploads\/2021\/09\/mc-mocata-2.png\" alt=\"\" class=\"wp-image-1489\" width=\"838\" height=\"922\"\/><\/figure><\/div>\n","protected":false},"excerpt":{"rendered":"<p>Depuis de nombreuses ann\u00e9es, la peinture s&rsquo;impose \u00e0 moi comme une \u00e9vidence. La d\u00e9couverte de cet art m&rsquo;est confirm\u00e9e lors de la visite de grandes oeuvres dans certains mus\u00e9es parisiens, notamment le Louvre. Attir\u00e9e par les couleurs et la lumi\u00e8re des Impressionnistes, la peinture Flamande, Turner avec ses explosions de couleurs; novice, je me suis [&hellip;]<\/p>\n","protected":false},"author":1,"featured_media":0,"parent":0,"menu_order":0,"comment_status":"closed","ping_status":"closed","template":"","meta":{"footnotes":""},"_links":{"self":[{"href":"https:\/\/josiepeintures.org\/index.php?rest_route=\/wp\/v2\/pages\/794"}],"collection":[{"href":"https:\/\/josiepeintures.org\/index.php?rest_route=\/wp\/v2\/pages"}],"about":[{"href":"https:\/\/josiepeintures.org\/index.php?rest_route=\/wp\/v2\/types\/page"}],"author":[{"embeddable":true,"href":"https:\/\/josiepeintures.org\/index.php?rest_route=\/wp\/v2\/users\/1"}],"replies":[{"embeddable":true,"href":"https:\/\/josiepeintures.org\/index.php?rest_route=%2Fwp%2Fv2%2Fcomments&post=794"}],"version-history":[{"count":12,"href":"https:\/\/josiepeintures.org\/index.php?rest_route=\/wp\/v2\/pages\/794\/revisions"}],"predecessor-version":[{"id":1877,"href":"https:\/\/josiepeintures.org\/index.php?rest_route=\/wp\/v2\/pages\/794\/revisions\/1877"}],"wp:attachment":[{"href":"https:\/\/josiepeintures.org\/index.php?rest_route=%2Fwp%2Fv2%2Fmedia&parent=794"}],"curies":[{"name":"wp","href":"https:\/\/api.w.org\/{rel}","templated":true}]}}