{"id":181,"date":"2021-01-29T19:12:00","date_gmt":"2021-01-29T18:12:00","guid":{"rendered":"http:\/\/94.23.28.138\/Josie\/?page_id=181"},"modified":"2022-10-31T19:41:43","modified_gmt":"2022-10-31T18:41:43","slug":"peintures-acryliques","status":"publish","type":"page","link":"https:\/\/josiepeintures.org\/?page_id=181","title":{"rendered":"peintures acryliques"},"content":{"rendered":"\n<p><mark style=\"background-color:rgba(0, 0, 0, 0);color:#2e1919\" class=\"has-inline-color\"><em>La peinture est une po\u00e9sie qui se voit au lieu de se sentir et la po\u00e9sie est une peinture qui se sent au lieu de se voir.<\/em> L\u00e9onard de Vinci<\/mark><\/p>\n\n\n<div class=\"wp-block-image\">\n<figure class=\"alignleft size-medium is-resized\"><a href=\"http:\/\/94.23.28.138\/Josie\/wp-content\/uploads\/2021\/01\/crbst_100_1966_edited-508x698.jpg\"><img decoding=\"async\" loading=\"lazy\" src=\"http:\/\/94.23.28.138\/Josie\/wp-content\/uploads\/2021\/01\/crbst_100_1966_edited-218x300.jpg\" alt=\"\" class=\"wp-image-214\" width=\"237\" height=\"326\" srcset=\"https:\/\/josiepeintures.org\/wp-content\/uploads\/2021\/01\/crbst_100_1966_edited-218x300.jpg 218w, https:\/\/josiepeintures.org\/wp-content\/uploads\/2021\/01\/crbst_100_1966_edited-508x698.jpg 508w, https:\/\/josiepeintures.org\/wp-content\/uploads\/2021\/01\/crbst_100_1966_edited.jpg 582w\" sizes=\"(max-width: 237px) 100vw, 237px\" \/><\/a><figcaption><strong><mark style=\"background-color:rgba(0, 0, 0, 0)\" class=\"has-inline-color has-black-color\">Coquelicots<\/mark><\/strong>         <strong><mark style=\"background-color:rgba(0, 0, 0, 0)\" class=\"has-inline-color has-black-color\">Toile lin 50X70cm<\/mark><\/strong><\/figcaption><\/figure><\/div>\n\n<div class=\"wp-block-image\">\n<figure class=\"alignright size-large\"><a href=\"http:\/\/94.23.28.138\/Josie\/wp-content\/uploads\/2021\/05\/NOTRE-DAME-EN-VAUX-2.jpg\"><img decoding=\"async\" loading=\"lazy\" width=\"332\" height=\"426\" src=\"http:\/\/94.23.28.138\/Josie\/wp-content\/uploads\/2021\/05\/NOTRE-DAME-EN-VAUX-2.jpg\" alt=\"\" class=\"wp-image-1175\" srcset=\"https:\/\/josiepeintures.org\/wp-content\/uploads\/2021\/05\/NOTRE-DAME-EN-VAUX-2.jpg 332w, https:\/\/josiepeintures.org\/wp-content\/uploads\/2021\/05\/NOTRE-DAME-EN-VAUX-2-234x300.jpg 234w\" sizes=\"(max-width: 332px) 100vw, 332px\" \/><\/a><figcaption><strong><span class=\"has-inline-color has-black-color\">Notre Dame en Vaux Ch\u00e2lons en Champagne<br> Toile lin 70X53cm<\/span><\/strong><\/figcaption><\/figure><\/div>\n\n\n<p><\/p>\n\n\n\n<p><\/p>\n\n\n\n<p><\/p>\n\n\n\n<p><\/p>\n\n\n\n<p><\/p>\n\n\n\n<p><\/p>\n\n\n\n<p><\/p>\n\n\n\n<p><\/p>\n\n\n\n<p><\/p>\n\n\n\n<p><\/p>\n\n\n\n<p><\/p>\n\n\n\n<p><\/p>\n\n\n\n<p><\/p>\n\n\n<div class=\"wp-block-image\">\n<figure class=\"aligncenter size-large is-resized\"><a href=\"http:\/\/94.23.28.138\/Josie\/wp-content\/uploads\/2021\/01\/place-de-la-republique-508x377.jpg\"><img decoding=\"async\" loading=\"lazy\" src=\"http:\/\/94.23.28.138\/Josie\/wp-content\/uploads\/2021\/01\/place-de-la-republique-1024x760.jpg\" alt=\"\" class=\"wp-image-294\" width=\"338\" height=\"251\" srcset=\"https:\/\/josiepeintures.org\/wp-content\/uploads\/2021\/01\/place-de-la-republique-1024x760.jpg 1024w, https:\/\/josiepeintures.org\/wp-content\/uploads\/2021\/01\/place-de-la-republique-300x223.jpg 300w, https:\/\/josiepeintures.org\/wp-content\/uploads\/2021\/01\/place-de-la-republique-768x570.jpg 768w, https:\/\/josiepeintures.org\/wp-content\/uploads\/2021\/01\/place-de-la-republique-1536x1140.jpg 1536w, https:\/\/josiepeintures.org\/wp-content\/uploads\/2021\/01\/place-de-la-republique-1240x920.jpg 1240w, https:\/\/josiepeintures.org\/wp-content\/uploads\/2021\/01\/place-de-la-republique-508x377.jpg 508w, https:\/\/josiepeintures.org\/wp-content\/uploads\/2021\/01\/place-de-la-republique.jpg 1865w\" sizes=\"(max-width: 338px) 100vw, 338px\" \/><\/a><figcaption><strong><span class=\"has-inline-color has-black-color\">Place de la R\u00e9publique 51000<br>Toile en lin  70X53 cm<\/span><\/strong><\/figcaption><\/figure><\/div>\n\n\n<div class=\"wp-block-group is-layout-flow wp-block-group-is-layout-flow\"><div class=\"wp-block-group__inner-container\">\n<div class=\"wp-block-group is-layout-flow wp-block-group-is-layout-flow\"><div class=\"wp-block-group__inner-container\"><div class=\"wp-block-image\">\n<figure class=\"aligncenter size-medium is-resized\"><a href=\"http:\/\/94.23.28.138\/Josie\/wp-content\/uploads\/2021\/01\/paysage-508x366.jpg\"><img decoding=\"async\" loading=\"lazy\" src=\"http:\/\/94.23.28.138\/Josie\/wp-content\/uploads\/2021\/01\/paysage-300x216.jpg\" alt=\"\" class=\"wp-image-438\" width=\"389\" height=\"280\" srcset=\"https:\/\/josiepeintures.org\/wp-content\/uploads\/2021\/01\/paysage-300x216.jpg 300w, https:\/\/josiepeintures.org\/wp-content\/uploads\/2021\/01\/paysage-1024x737.jpg 1024w, https:\/\/josiepeintures.org\/wp-content\/uploads\/2021\/01\/paysage-768x553.jpg 768w, https:\/\/josiepeintures.org\/wp-content\/uploads\/2021\/01\/paysage-1536x1105.jpg 1536w, https:\/\/josiepeintures.org\/wp-content\/uploads\/2021\/01\/paysage-1240x892.jpg 1240w, https:\/\/josiepeintures.org\/wp-content\/uploads\/2021\/01\/paysage-508x366.jpg 508w, https:\/\/josiepeintures.org\/wp-content\/uploads\/2021\/01\/paysage.jpg 1626w\" sizes=\"(max-width: 389px) 100vw, 389px\" \/><\/a><figcaption><mark style=\"background-color:rgba(0, 0, 0, 0)\" class=\"has-inline-color has-black-color\"><strong>Paysage champ\u00eatre<\/strong><\/mark><\/figcaption><\/figure><\/div><\/div><\/div>\n\n\n\n<div class=\"wp-block-group is-layout-flow wp-block-group-is-layout-flow\"><div class=\"wp-block-group__inner-container\"><div class=\"wp-block-image is-style-default\">\n<figure class=\"aligncenter size-medium is-resized\"><a href=\"http:\/\/94.23.28.138\/Josie\/wp-content\/uploads\/2021\/01\/100_2176_edited-1-508x417.jpg\"><img decoding=\"async\" loading=\"lazy\" src=\"http:\/\/94.23.28.138\/Josie\/wp-content\/uploads\/2021\/01\/100_2176_edited-1-300x246.jpg\" alt=\"\" class=\"wp-image-431\" width=\"438\" height=\"357\"\/><\/a><figcaption><strong><span class=\"has-inline-color has-black-color\">La plage<\/span><\/strong>  Lin <\/figcaption><\/figure><\/div><\/div><\/div>\n<\/div><\/div>\n\n\n<div class=\"wp-block-image\">\n<figure class=\"aligncenter size-large is-resized\"><a href=\"http:\/\/94.23.28.138\/Josie\/wp-content\/uploads\/2021\/08\/Rue-Carnot1.jpg\"><img decoding=\"async\" loading=\"lazy\" src=\"http:\/\/94.23.28.138\/Josie\/wp-content\/uploads\/2021\/08\/Rue-Carnot1.jpg\" alt=\"\" class=\"wp-image-1426\" width=\"419\" height=\"310\" srcset=\"https:\/\/josiepeintures.org\/wp-content\/uploads\/2021\/08\/Rue-Carnot1.jpg 650w, https:\/\/josiepeintures.org\/wp-content\/uploads\/2021\/08\/Rue-Carnot1-300x222.jpg 300w, https:\/\/josiepeintures.org\/wp-content\/uploads\/2021\/08\/Rue-Carnot1-508x377.jpg 508w\" sizes=\"(max-width: 419px) 100vw, 419px\" \/><\/a><figcaption><em><span class=\"has-inline-color has-black-color\"><strong>Rue Carnot Ch\u00e2lons en Champagne<\/strong><\/span> <br><strong>lin 73X53<\/strong><\/em><\/figcaption><\/figure><\/div>\n\n\n<div style=\"height:100px\" aria-hidden=\"true\" class=\"wp-block-spacer\"><\/div>\n\n\n\n<div class=\"wp-block-group is-layout-flow wp-block-group-is-layout-flow\"><div class=\"wp-block-group__inner-container\"><div class=\"wp-block-image is-style-default\">\n<figure class=\"aligncenter size-medium is-resized\"><a href=\"http:\/\/94.23.28.138\/Josie\/wp-content\/uploads\/2021\/01\/marine.jpg\"><img decoding=\"async\" loading=\"lazy\" src=\"http:\/\/94.23.28.138\/Josie\/wp-content\/uploads\/2021\/01\/marine-300x218.jpg\" alt=\"\" class=\"wp-image-437\" width=\"398\" height=\"288\" srcset=\"https:\/\/josiepeintures.org\/wp-content\/uploads\/2021\/01\/marine-300x218.jpg 300w, https:\/\/josiepeintures.org\/wp-content\/uploads\/2021\/01\/marine-1536x1117.jpg 1536w, https:\/\/josiepeintures.org\/wp-content\/uploads\/2021\/01\/marine-508x369.jpg 508w\" sizes=\"(max-width: 398px) 100vw, 398px\" \/><\/a><figcaption><strong><span class=\"has-inline-color has-black-color\"><em>Coucher de soleil<\/em><\/span><\/strong><\/figcaption><\/figure><\/div>\n\n\n<div style=\"height:100px\" aria-hidden=\"true\" class=\"wp-block-spacer\"><\/div>\n<\/div><\/div>\n\n\n<div class=\"wp-block-image is-style-default\">\n<figure class=\"aligncenter size-large is-resized\"><a href=\"http:\/\/94.23.28.138\/Josie\/wp-content\/uploads\/2021\/08\/abstrait-1.jpg\"><img decoding=\"async\" loading=\"lazy\" src=\"http:\/\/94.23.28.138\/Josie\/wp-content\/uploads\/2021\/08\/abstrait-1.jpg\" alt=\"\" class=\"wp-image-1446\" width=\"404\" height=\"244\" srcset=\"https:\/\/josiepeintures.org\/wp-content\/uploads\/2021\/08\/abstrait-1.jpg 416w, https:\/\/josiepeintures.org\/wp-content\/uploads\/2021\/08\/abstrait-1-300x180.jpg 300w\" sizes=\"(max-width: 404px) 100vw, 404px\" \/><\/a><figcaption><strong><em><span class=\"has-inline-color has-black-color\">Dream    lin 56&#215;46<\/span><\/em><\/strong><\/figcaption><\/figure><\/div>\n\n\n<!--nextpage-->\n\n\n\n<p><\/p>\n\n\n<div class=\"wp-block-image is-style-default\">\n<figure class=\"alignright size-medium is-resized\"><a href=\"http:\/\/94.23.28.138\/Josie\/wp-content\/uploads\/2021\/04\/100_2995-2-2.jpg\"><img decoding=\"async\" loading=\"lazy\" src=\"http:\/\/94.23.28.138\/Josie\/wp-content\/uploads\/2021\/04\/100_2995-2-2-295x300.jpg\" alt=\"\" class=\"wp-image-972\" width=\"323\" height=\"329\" srcset=\"https:\/\/josiepeintures.org\/wp-content\/uploads\/2021\/04\/100_2995-2-2-295x300.jpg 295w, https:\/\/josiepeintures.org\/wp-content\/uploads\/2021\/04\/100_2995-2-2-768x782.jpg 768w, https:\/\/josiepeintures.org\/wp-content\/uploads\/2021\/04\/100_2995-2-2-508x517.jpg 508w, https:\/\/josiepeintures.org\/wp-content\/uploads\/2021\/04\/100_2995-2-2.jpg 786w\" sizes=\"(max-width: 323px) 100vw, 323px\" \/><\/a><figcaption><strong><span class=\"has-inline-color has-black-color\">Neige toile lin 50x50cm<\/span><\/strong><\/figcaption><\/figure><\/div>\n\n<div class=\"wp-block-image is-style-default\">\n<figure class=\"alignleft size-medium is-resized\"><a href=\"http:\/\/94.23.28.138\/Josie\/wp-content\/uploads\/2021\/04\/crbst_100_1982_edited.jpg\"><img decoding=\"async\" loading=\"lazy\" src=\"http:\/\/94.23.28.138\/Josie\/wp-content\/uploads\/2021\/04\/crbst_100_1982_edited-246x300.jpg\" alt=\"\" class=\"wp-image-971\" width=\"298\" height=\"363\" srcset=\"https:\/\/josiepeintures.org\/wp-content\/uploads\/2021\/04\/crbst_100_1982_edited-246x300.jpg 246w, https:\/\/josiepeintures.org\/wp-content\/uploads\/2021\/04\/crbst_100_1982_edited.jpg 480w\" sizes=\"(max-width: 298px) 100vw, 298px\" \/><\/a><figcaption><strong><span class=\"has-inline-color has-black-color\"><em>Abstrait  <\/em><\/span><\/strong><\/figcaption><\/figure><\/div>\n\n\n<p><\/p>\n\n\n\n<p><\/p>\n\n\n\n<p><\/p>\n\n\n\n<p><\/p>\n\n\n\n<figure class=\"wp-block-pullquote\"><blockquote><p><\/p><\/blockquote><\/figure>\n\n\n\n<div class=\"wp-block-group is-layout-flow wp-block-group-is-layout-flow\"><div class=\"wp-block-group__inner-container\">\n<div class=\"wp-block-group is-layout-flow wp-block-group-is-layout-flow\"><div class=\"wp-block-group__inner-container\">\n<p><\/p>\n\n\n\n<div class=\"wp-block-group is-layout-flow wp-block-group-is-layout-flow\"><div class=\"wp-block-group__inner-container\">\n<div class=\"wp-block-group is-layout-flow wp-block-group-is-layout-flow\"><div class=\"wp-block-group__inner-container\">\n<p><\/p>\n\n\n\n<p><\/p>\n\n\n<div class=\"wp-block-image is-style-default\">\n<figure class=\"aligncenter size-large is-resized\"><a href=\"http:\/\/94.23.28.138\/Josie\/wp-content\/uploads\/2021\/09\/Cote-bretonne-2.jpg\"><img decoding=\"async\" loading=\"lazy\" src=\"http:\/\/94.23.28.138\/Josie\/wp-content\/uploads\/2021\/09\/Cote-bretonne-2-1015x1024.jpg\" alt=\"\" class=\"wp-image-1506\" width=\"360\" height=\"363\" srcset=\"https:\/\/josiepeintures.org\/wp-content\/uploads\/2021\/09\/Cote-bretonne-2-1015x1024.jpg 1015w, https:\/\/josiepeintures.org\/wp-content\/uploads\/2021\/09\/Cote-bretonne-2-297x300.jpg 297w, https:\/\/josiepeintures.org\/wp-content\/uploads\/2021\/09\/Cote-bretonne-2-150x150.jpg 150w, https:\/\/josiepeintures.org\/wp-content\/uploads\/2021\/09\/Cote-bretonne-2-768x775.jpg 768w, https:\/\/josiepeintures.org\/wp-content\/uploads\/2021\/09\/Cote-bretonne-2-1523x1536.jpg 1523w, https:\/\/josiepeintures.org\/wp-content\/uploads\/2021\/09\/Cote-bretonne-2-2030x2048.jpg 2030w, https:\/\/josiepeintures.org\/wp-content\/uploads\/2021\/09\/Cote-bretonne-2-1240x1251.jpg 1240w, https:\/\/josiepeintures.org\/wp-content\/uploads\/2021\/09\/Cote-bretonne-2-508x512.jpg 508w\" sizes=\"(max-width: 360px) 100vw, 360px\" \/><\/a><figcaption><strong><em><span class=\"has-inline-color has-black-color\">Raz Blanchard        <\/span><\/em><\/strong>    <strong><em><span class=\"has-inline-color has-black-color\">    Lin  80X80<\/span><\/em><\/strong><\/figcaption><\/figure><\/div><\/div><\/div>\n<\/div><\/div>\n<\/div><\/div>\n<\/div><\/div>\n\n\n\n<div class=\"wp-block-group is-layout-flow wp-block-group-is-layout-flow\"><div class=\"wp-block-group__inner-container\">\n<div style=\"height:0px\" aria-hidden=\"true\" class=\"wp-block-spacer\"><\/div>\n<\/div><\/div>\n\n\n\n<div class=\"wp-block-group is-layout-flow wp-block-group-is-layout-flow\"><div class=\"wp-block-group__inner-container\">\n<div class=\"wp-block-group is-layout-flow wp-block-group-is-layout-flow\"><div class=\"wp-block-group__inner-container\">\n<p><\/p>\n\n\n\n<p><\/p>\n\n\n<div class=\"wp-block-image is-style-default\">\n<figure class=\"aligncenter size-large is-resized\"><a href=\"http:\/\/94.23.28.138\/Josie\/wp-content\/uploads\/2021\/09\/DSCN3347-scaled.jpg\"><img decoding=\"async\" loading=\"lazy\" src=\"http:\/\/94.23.28.138\/Josie\/wp-content\/uploads\/2021\/09\/DSCN3347-1013x1024.jpg\" alt=\"\" class=\"wp-image-1502\" width=\"444\" height=\"450\" srcset=\"https:\/\/josiepeintures.org\/wp-content\/uploads\/2021\/09\/DSCN3347-1013x1024.jpg 1013w, https:\/\/josiepeintures.org\/wp-content\/uploads\/2021\/09\/DSCN3347-297x300.jpg 297w, https:\/\/josiepeintures.org\/wp-content\/uploads\/2021\/09\/DSCN3347-768x777.jpg 768w, https:\/\/josiepeintures.org\/wp-content\/uploads\/2021\/09\/DSCN3347-1519x1536.jpg 1519w, https:\/\/josiepeintures.org\/wp-content\/uploads\/2021\/09\/DSCN3347-2025x2048.jpg 2025w, https:\/\/josiepeintures.org\/wp-content\/uploads\/2021\/09\/DSCN3347-1240x1254.jpg 1240w, https:\/\/josiepeintures.org\/wp-content\/uploads\/2021\/09\/DSCN3347-508x514.jpg 508w\" sizes=\"(max-width: 444px) 100vw, 444px\" \/><\/a><figcaption><em><strong><span class=\"has-inline-color has-black-color\">Les pots      lin 80X80<\/span><\/strong><\/em><\/figcaption><\/figure><\/div><\/div><\/div>\n\n\n<div class=\"wp-block-image is-style-default\">\n<figure class=\"aligncenter size-large is-resized\"><a href=\"http:\/\/94.23.28.138\/Josie\/wp-content\/uploads\/2021\/01\/notre-dame-chalons.jpg\"><img decoding=\"async\" loading=\"lazy\" src=\"http:\/\/94.23.28.138\/Josie\/wp-content\/uploads\/2021\/01\/notre-dame-chalons-749x1024.jpg\" alt=\"\" class=\"wp-image-153\" width=\"324\" height=\"441\"\/><\/a><figcaption><strong><em><span class=\"has-inline-color has-black-color\">Notre Dame Chalons en Champagne      Lin  71X53<\/span><\/em><\/strong><\/figcaption><\/figure><\/div>\n\n\n<p><\/p>\n\n\n<div class=\"wp-block-image\">\n<figure class=\"aligncenter size-large is-resized\"><img decoding=\"async\" loading=\"lazy\" src=\"http:\/\/94.23.28.138\/Josie\/wp-content\/uploads\/2022\/10\/fleur-3-1014x1024.jpg\" alt=\"\" class=\"wp-image-1748\" width=\"426\" height=\"430\" srcset=\"https:\/\/josiepeintures.org\/wp-content\/uploads\/2022\/10\/fleur-3-1014x1024.jpg 1014w, https:\/\/josiepeintures.org\/wp-content\/uploads\/2022\/10\/fleur-3-297x300.jpg 297w, https:\/\/josiepeintures.org\/wp-content\/uploads\/2022\/10\/fleur-3-150x150.jpg 150w, https:\/\/josiepeintures.org\/wp-content\/uploads\/2022\/10\/fleur-3-768x776.jpg 768w, https:\/\/josiepeintures.org\/wp-content\/uploads\/2022\/10\/fleur-3-1521x1536.jpg 1521w, https:\/\/josiepeintures.org\/wp-content\/uploads\/2022\/10\/fleur-3-2028x2048.jpg 2028w, https:\/\/josiepeintures.org\/wp-content\/uploads\/2022\/10\/fleur-3-1240x1253.jpg 1240w, https:\/\/josiepeintures.org\/wp-content\/uploads\/2022\/10\/fleur-3-508x513.jpg 508w\" sizes=\"(max-width: 426px) 100vw, 426px\" \/><\/figure><\/div>\n\n\n<p><\/p>\n\n\n\n<p><\/p>\n<\/div><\/div>\n\n\n<div class=\"wp-block-image is-style-default\">\n<figure class=\"aligncenter size-large is-resized\"><a href=\"http:\/\/94.23.28.138\/Josie\/wp-content\/uploads\/2021\/09\/Copie-2-de-Copie-de-crbst_013.jpg\"><img decoding=\"async\" loading=\"lazy\" src=\"http:\/\/94.23.28.138\/Josie\/wp-content\/uploads\/2021\/09\/Copie-2-de-Copie-de-crbst_013.jpg\" alt=\"\" class=\"wp-image-1548\" width=\"348\" height=\"420\" srcset=\"https:\/\/josiepeintures.org\/wp-content\/uploads\/2021\/09\/Copie-2-de-Copie-de-crbst_013.jpg 661w, https:\/\/josiepeintures.org\/wp-content\/uploads\/2021\/09\/Copie-2-de-Copie-de-crbst_013-248x300.jpg 248w, https:\/\/josiepeintures.org\/wp-content\/uploads\/2021\/09\/Copie-2-de-Copie-de-crbst_013-508x615.jpg 508w\" sizes=\"(max-width: 348px) 100vw, 348px\" \/><\/a><figcaption><em><span class=\"has-inline-color has-black-color\"><strong>Venise         Lin   71X53<\/strong><\/span><\/em><\/figcaption><\/figure><\/div>\n\n\n<p><\/p>\n\n\n\n<div class=\"wp-block-group is-layout-flow wp-block-group-is-layout-flow\"><div class=\"wp-block-group__inner-container\"><div class=\"wp-block-image\">\n<figure class=\"aligncenter size-large is-resized\"><a href=\"http:\/\/94.23.28.138\/Josie\/wp-content\/uploads\/2022\/10\/abstrait1-scaled.jpg\"><img decoding=\"async\" loading=\"lazy\" src=\"http:\/\/94.23.28.138\/Josie\/wp-content\/uploads\/2022\/10\/abstrait1-1024x1015.jpg\" alt=\"\" class=\"wp-image-1733\" width=\"372\" height=\"370\" srcset=\"https:\/\/josiepeintures.org\/wp-content\/uploads\/2022\/10\/abstrait1-1024x1015.jpg 1024w, https:\/\/josiepeintures.org\/wp-content\/uploads\/2022\/10\/abstrait1-300x297.jpg 300w, https:\/\/josiepeintures.org\/wp-content\/uploads\/2022\/10\/abstrait1-150x150.jpg 150w, https:\/\/josiepeintures.org\/wp-content\/uploads\/2022\/10\/abstrait1-768x762.jpg 768w, https:\/\/josiepeintures.org\/wp-content\/uploads\/2022\/10\/abstrait1-1536x1523.jpg 1536w, https:\/\/josiepeintures.org\/wp-content\/uploads\/2022\/10\/abstrait1-2048x2031.jpg 2048w, https:\/\/josiepeintures.org\/wp-content\/uploads\/2022\/10\/abstrait1-1240x1230.jpg 1240w, https:\/\/josiepeintures.org\/wp-content\/uploads\/2022\/10\/abstrait1-508x504.jpg 508w\" sizes=\"(max-width: 372px) 100vw, 372px\" \/><\/a><\/figure><\/div><\/div><\/div>\n\n\n\n\n","protected":false},"excerpt":{"rendered":"<p>La peinture est une po\u00e9sie qui se voit au lieu de se sentir et la po\u00e9sie est une peinture qui se sent au lieu de se voir. L\u00e9onard de Vinci<\/p>\n","protected":false},"author":1,"featured_media":0,"parent":0,"menu_order":0,"comment_status":"closed","ping_status":"closed","template":"","meta":{"footnotes":""},"_links":{"self":[{"href":"https:\/\/josiepeintures.org\/index.php?rest_route=\/wp\/v2\/pages\/181"}],"collection":[{"href":"https:\/\/josiepeintures.org\/index.php?rest_route=\/wp\/v2\/pages"}],"about":[{"href":"https:\/\/josiepeintures.org\/index.php?rest_route=\/wp\/v2\/types\/page"}],"author":[{"embeddable":true,"href":"https:\/\/josiepeintures.org\/index.php?rest_route=\/wp\/v2\/users\/1"}],"replies":[{"embeddable":true,"href":"https:\/\/josiepeintures.org\/index.php?rest_route=%2Fwp%2Fv2%2Fcomments&post=181"}],"version-history":[{"count":111,"href":"https:\/\/josiepeintures.org\/index.php?rest_route=\/wp\/v2\/pages\/181\/revisions"}],"predecessor-version":[{"id":1787,"href":"https:\/\/josiepeintures.org\/index.php?rest_route=\/wp\/v2\/pages\/181\/revisions\/1787"}],"wp:attachment":[{"href":"https:\/\/josiepeintures.org\/index.php?rest_route=%2Fwp%2Fv2%2Fmedia&parent=181"}],"curies":[{"name":"wp","href":"https:\/\/api.w.org\/{rel}","templated":true}]}}