{"id":1123,"date":"2021-04-27T22:29:31","date_gmt":"2021-04-27T20:29:31","guid":{"rendered":"http:\/\/94.23.28.138\/Josie\/?page_id=1123"},"modified":"2022-01-22T21:59:44","modified_gmt":"2022-01-22T20:59:44","slug":"peintures-a-lhuile-2","status":"publish","type":"page","link":"https:\/\/josiepeintures.org\/?page_id=1123","title":{"rendered":"PEINTURES A L&rsquo;huile"},"content":{"rendered":"\n<p><strong>\u00ab\u00a0<em>Il n&rsquo;y a pas d&rsquo;art abstrait. Vous devez toujours commencer par quelque chose, ensuite vous pourrez \u00e9liminer toutes les traces de la r\u00e9alit\u00e9.<\/em>\u00a0\u00bb  Pablo Picasso<\/strong><\/p>\n\n\n\n<p><\/p>\n\n\n\n<div class=\"wp-block-image is-style-default\"><figure class=\"alignright size-large is-resized\"><a href=\"http:\/\/94.23.28.138\/Josie\/wp-content\/uploads\/2021\/04\/noel-peintures-chalons-neige-chalons-kiosque.jpg\"><img decoding=\"async\" loading=\"lazy\" src=\"http:\/\/94.23.28.138\/Josie\/wp-content\/uploads\/2021\/04\/noel-peintures-chalons-neige-chalons-kiosque.jpg\" alt=\"\" class=\"wp-image-999\" width=\"229\" height=\"229\" srcset=\"https:\/\/josiepeintures.org\/wp-content\/uploads\/2021\/04\/noel-peintures-chalons-neige-chalons-kiosque.jpg 800w, https:\/\/josiepeintures.org\/wp-content\/uploads\/2021\/04\/noel-peintures-chalons-neige-chalons-kiosque-300x300.jpg 300w, https:\/\/josiepeintures.org\/wp-content\/uploads\/2021\/04\/noel-peintures-chalons-neige-chalons-kiosque-150x150.jpg 150w, https:\/\/josiepeintures.org\/wp-content\/uploads\/2021\/04\/noel-peintures-chalons-neige-chalons-kiosque-768x767.jpg 768w, https:\/\/josiepeintures.org\/wp-content\/uploads\/2021\/04\/noel-peintures-chalons-neige-chalons-kiosque-508x507.jpg 508w\" sizes=\"(max-width: 229px) 100vw, 229px\" \/><\/a><figcaption><em><strong>Kiosque Ch\u00e2lons en Champagne<br>Lin 60X60<\/strong><\/em><\/figcaption><\/figure><\/div>\n\n\n\n<p><\/p>\n\n\n\n<div class=\"wp-block-image is-style-default\"><figure class=\"alignleft size-large is-resized\"><a href=\"http:\/\/94.23.28.138\/Josie\/wp-content\/uploads\/2021\/03\/DSCN0333-2-scaled.jpg\"><img decoding=\"async\" loading=\"lazy\" src=\"http:\/\/94.23.28.138\/Josie\/wp-content\/uploads\/2021\/03\/DSCN0333-2-768x1024.jpg\" alt=\"\" class=\"wp-image-811\" width=\"212\" height=\"283\" srcset=\"https:\/\/josiepeintures.org\/wp-content\/uploads\/2021\/03\/DSCN0333-2-768x1024.jpg 768w, https:\/\/josiepeintures.org\/wp-content\/uploads\/2021\/03\/DSCN0333-2-225x300.jpg 225w, https:\/\/josiepeintures.org\/wp-content\/uploads\/2021\/03\/DSCN0333-2-1152x1536.jpg 1152w, https:\/\/josiepeintures.org\/wp-content\/uploads\/2021\/03\/DSCN0333-2-1536x2048.jpg 1536w, https:\/\/josiepeintures.org\/wp-content\/uploads\/2021\/03\/DSCN0333-2-1240x1654.jpg 1240w, https:\/\/josiepeintures.org\/wp-content\/uploads\/2021\/03\/DSCN0333-2-508x678.jpg 508w, https:\/\/josiepeintures.org\/wp-content\/uploads\/2021\/03\/DSCN0333-2-scaled.jpg 1920w\" sizes=\"(max-width: 212px) 100vw, 212px\" \/><\/a><figcaption><strong><em><span class=\"has-inline-color has-black-color\">Vignoble Champenois<\/span><\/em><br><em><span class=\"has-inline-color has-black-color\"> lin 70&#215;50<\/span><\/em><\/strong><\/figcaption><\/figure><\/div>\n\n\n\n<p><\/p>\n\n\n\n<figure class=\"wp-block-pullquote\"><blockquote><p><\/p><p><\/p><p><\/p><p><\/p><p><\/p><\/blockquote><\/figure>\n\n\n\n<div class=\"wp-block-image is-style-default\"><figure class=\"aligncenter size-large is-resized\"><a href=\"http:\/\/94.23.28.138\/Josie\/wp-content\/uploads\/2021\/04\/abstrait-2.jpg\"><img decoding=\"async\" loading=\"lazy\" src=\"http:\/\/94.23.28.138\/Josie\/wp-content\/uploads\/2021\/04\/abstrait-2-1024x853.jpg\" alt=\"\" class=\"wp-image-1105\" width=\"284\" height=\"236\" srcset=\"https:\/\/josiepeintures.org\/wp-content\/uploads\/2021\/04\/abstrait-2-1024x853.jpg 1024w, https:\/\/josiepeintures.org\/wp-content\/uploads\/2021\/04\/abstrait-2-300x250.jpg 300w, https:\/\/josiepeintures.org\/wp-content\/uploads\/2021\/04\/abstrait-2-768x640.jpg 768w, https:\/\/josiepeintures.org\/wp-content\/uploads\/2021\/04\/abstrait-2-1536x1280.jpg 1536w, https:\/\/josiepeintures.org\/wp-content\/uploads\/2021\/04\/abstrait-2-1240x1033.jpg 1240w, https:\/\/josiepeintures.org\/wp-content\/uploads\/2021\/04\/abstrait-2-508x423.jpg 508w, https:\/\/josiepeintures.org\/wp-content\/uploads\/2021\/04\/abstrait-2.jpg 2033w\" sizes=\"(max-width: 284px) 100vw, 284px\" \/><\/a><figcaption><em><strong>Abstrait <\/strong><\/em><br><em><strong>56  X 46<\/strong><\/em><\/figcaption><\/figure><\/div>\n\n\n\n<div class=\"wp-block-image is-style-default\"><figure class=\"alignright size-large is-resized\"><a href=\"http:\/\/94.23.28.138\/Josie\/wp-content\/uploads\/2021\/04\/100_2992-1.jpg\"><img decoding=\"async\" loading=\"lazy\" src=\"http:\/\/94.23.28.138\/Josie\/wp-content\/uploads\/2021\/04\/100_2992-1.jpg\" alt=\"\" class=\"wp-image-960\" width=\"275\" height=\"207\" srcset=\"https:\/\/josiepeintures.org\/wp-content\/uploads\/2021\/04\/100_2992-1.jpg 800w, https:\/\/josiepeintures.org\/wp-content\/uploads\/2021\/04\/100_2992-1-300x225.jpg 300w, https:\/\/josiepeintures.org\/wp-content\/uploads\/2021\/04\/100_2992-1-768x576.jpg 768w, https:\/\/josiepeintures.org\/wp-content\/uploads\/2021\/04\/100_2992-1-508x381.jpg 508w\" sizes=\"(max-width: 275px) 100vw, 275px\" \/><\/a><figcaption><em><span class=\"has-inline-color has-black-color\">Vignoble Champenois 46X38<\/span><\/em><\/figcaption><\/figure><\/div>\n\n\n\n<figure class=\"wp-block-image size-large is-resized is-style-default\"><a href=\"http:\/\/94.23.28.138\/Josie\/wp-content\/uploads\/2021\/10\/NENUPHARS-1.jpg\"><img decoding=\"async\" loading=\"lazy\" src=\"http:\/\/94.23.28.138\/Josie\/wp-content\/uploads\/2021\/10\/NENUPHARS-1.jpg\" alt=\"\" class=\"wp-image-1575\" width=\"251\" height=\"210\" srcset=\"https:\/\/josiepeintures.org\/wp-content\/uploads\/2021\/10\/NENUPHARS-1.jpg 601w, https:\/\/josiepeintures.org\/wp-content\/uploads\/2021\/10\/NENUPHARS-1-508x428.jpg 508w\" sizes=\"(max-width: 251px) 100vw, 251px\" \/><\/a><\/figure>\n\n\n\n<p><\/p>\n\n\n\n<p><\/p>\n\n\n\n<p><\/p>\n\n\n\n<!--nextpage-->\n\n\n\n<div class=\"wp-block-group\"><div class=\"wp-block-group__inner-container is-layout-flow wp-block-group-is-layout-flow\">\n<p><\/p>\n\n\n\n<div class=\"wp-block-image is-style-default\"><figure class=\"alignright size-medium\"><a href=\"http:\/\/94.23.28.138\/Josie\/wp-content\/uploads\/2021\/04\/eglise2.jpg\"><img decoding=\"async\" loading=\"lazy\" width=\"300\" height=\"236\" src=\"http:\/\/94.23.28.138\/Josie\/wp-content\/uploads\/2021\/04\/eglise2-300x236.jpg\" alt=\"\" class=\"wp-image-977\" srcset=\"https:\/\/josiepeintures.org\/wp-content\/uploads\/2021\/04\/eglise2-300x236.jpg 300w, https:\/\/josiepeintures.org\/wp-content\/uploads\/2021\/04\/eglise2-768x604.jpg 768w, https:\/\/josiepeintures.org\/wp-content\/uploads\/2021\/04\/eglise2-508x399.jpg 508w, https:\/\/josiepeintures.org\/wp-content\/uploads\/2021\/04\/eglise2.jpg 800w\" sizes=\"(max-width: 300px) 100vw, 300px\" \/><\/a><\/figure><\/div>\n\n\n\n<figure class=\"wp-block-image size-medium is-resized is-style-default\"><a href=\"http:\/\/94.23.28.138\/Josie\/wp-content\/uploads\/2021\/04\/la-moivre-pres-du-Verbeau-en-hiver.jpg\"><img decoding=\"async\" loading=\"lazy\" src=\"http:\/\/94.23.28.138\/Josie\/wp-content\/uploads\/2021\/04\/la-moivre-pres-du-Verbeau-en-hiver-300x202.jpg\" alt=\"\" class=\"wp-image-1107\" width=\"264\" height=\"178\" srcset=\"https:\/\/josiepeintures.org\/wp-content\/uploads\/2021\/04\/la-moivre-pres-du-Verbeau-en-hiver-300x202.jpg 300w, https:\/\/josiepeintures.org\/wp-content\/uploads\/2021\/04\/la-moivre-pres-du-Verbeau-en-hiver-1024x689.jpg 1024w, https:\/\/josiepeintures.org\/wp-content\/uploads\/2021\/04\/la-moivre-pres-du-Verbeau-en-hiver-768x517.jpg 768w, https:\/\/josiepeintures.org\/wp-content\/uploads\/2021\/04\/la-moivre-pres-du-Verbeau-en-hiver-1536x1033.jpg 1536w, https:\/\/josiepeintures.org\/wp-content\/uploads\/2021\/04\/la-moivre-pres-du-Verbeau-en-hiver-2048x1378.jpg 2048w, https:\/\/josiepeintures.org\/wp-content\/uploads\/2021\/04\/la-moivre-pres-du-Verbeau-en-hiver-1240x834.jpg 1240w, https:\/\/josiepeintures.org\/wp-content\/uploads\/2021\/04\/la-moivre-pres-du-Verbeau-en-hiver-508x342.jpg 508w\" sizes=\"(max-width: 264px) 100vw, 264px\" \/><\/a><figcaption><em><strong>La Moivre  Ch\u00e2lons en Champagne    Lin 73 X 50<\/strong><\/em><\/figcaption><\/figure>\n\n\n\n<p><\/p>\n\n\n\n<div style=\"height:57px\" aria-hidden=\"true\" class=\"wp-block-spacer\"><\/div>\n\n\n\n<p><\/p>\n\n\n\n<div class=\"wp-block-image is-style-default\"><figure class=\"aligncenter size-medium\"><a href=\"http:\/\/94.23.28.138\/Josie\/wp-content\/uploads\/2021\/04\/crbst_les_20baux_20de_20provence_201-3.jpg\"><img decoding=\"async\" loading=\"lazy\" width=\"300\" height=\"210\" src=\"http:\/\/94.23.28.138\/Josie\/wp-content\/uploads\/2021\/04\/crbst_les_20baux_20de_20provence_201-3-300x210.jpg\" alt=\"\" class=\"wp-image-1135\" srcset=\"https:\/\/josiepeintures.org\/wp-content\/uploads\/2021\/04\/crbst_les_20baux_20de_20provence_201-3-300x210.jpg 300w, https:\/\/josiepeintures.org\/wp-content\/uploads\/2021\/04\/crbst_les_20baux_20de_20provence_201-3-768x539.jpg 768w, https:\/\/josiepeintures.org\/wp-content\/uploads\/2021\/04\/crbst_les_20baux_20de_20provence_201-3-508x356.jpg 508w, https:\/\/josiepeintures.org\/wp-content\/uploads\/2021\/04\/crbst_les_20baux_20de_20provence_201-3.jpg 777w\" sizes=\"(max-width: 300px) 100vw, 300px\" \/><\/a><figcaption><strong><em>Les Baux de Provence<\/em><\/strong><br><strong><em> Lin 38&#215;56<\/em><\/strong><\/figcaption><\/figure><\/div>\n\n\n\n<p><\/p>\n\n\n\n<div class=\"wp-block-image is-style-default\"><figure class=\"aligncenter size-large is-resized\"><a href=\"http:\/\/94.23.28.138\/Josie\/wp-content\/uploads\/2021\/10\/CHATEAU-DU-MARCHE.jpg\"><img decoding=\"async\" loading=\"lazy\" src=\"http:\/\/94.23.28.138\/Josie\/wp-content\/uploads\/2021\/10\/CHATEAU-DU-MARCHE.jpg\" alt=\"\" class=\"wp-image-1579\" width=\"304\" height=\"209\" srcset=\"https:\/\/josiepeintures.org\/wp-content\/uploads\/2021\/10\/CHATEAU-DU-MARCHE.jpg 608w, https:\/\/josiepeintures.org\/wp-content\/uploads\/2021\/10\/CHATEAU-DU-MARCHE-300x207.jpg 300w, https:\/\/josiepeintures.org\/wp-content\/uploads\/2021\/10\/CHATEAU-DU-MARCHE-508x351.jpg 508w\" sizes=\"(max-width: 304px) 100vw, 304px\" \/><\/a><figcaption><strong><em>Ch\u00e2teau du March\u00e9 Ch\u00e2lons en Champagne   <\/em><\/strong><br><strong><em> Lin 56X38<\/em><\/strong><\/figcaption><\/figure><\/div>\n\n\n\n<p><\/p>\n\n\n\n<p><\/p>\n\n\n\n<div class=\"wp-block-group\"><div class=\"wp-block-group__inner-container is-layout-flow wp-block-group-is-layout-flow\">\n<div class=\"wp-block-image is-style-default\"><figure class=\"aligncenter size-large is-resized\"><a href=\"http:\/\/94.23.28.138\/Josie\/wp-content\/uploads\/2021\/05\/barque-scaled.jpg\"><img decoding=\"async\" loading=\"lazy\" src=\"http:\/\/94.23.28.138\/Josie\/wp-content\/uploads\/2021\/05\/barque-768x1024.jpg\" alt=\"\" class=\"wp-image-1160\" width=\"260\" height=\"347\" srcset=\"https:\/\/josiepeintures.org\/wp-content\/uploads\/2021\/05\/barque-768x1024.jpg 768w, https:\/\/josiepeintures.org\/wp-content\/uploads\/2021\/05\/barque-225x300.jpg 225w, https:\/\/josiepeintures.org\/wp-content\/uploads\/2021\/05\/barque-1152x1536.jpg 1152w, https:\/\/josiepeintures.org\/wp-content\/uploads\/2021\/05\/barque-1536x2048.jpg 1536w, https:\/\/josiepeintures.org\/wp-content\/uploads\/2021\/05\/barque-1240x1654.jpg 1240w, https:\/\/josiepeintures.org\/wp-content\/uploads\/2021\/05\/barque-508x677.jpg 508w, https:\/\/josiepeintures.org\/wp-content\/uploads\/2021\/05\/barque-scaled.jpg 1920w\" sizes=\"(max-width: 260px) 100vw, 260px\" \/><\/a><figcaption><strong><em><span class=\"has-inline-color has-black-color\">Pornic <\/span>                                                            <\/em><\/strong><span class=\"has-inline-color has-black-color\"><em><strong>lin 70X50<\/strong><\/em><\/span><\/figcaption><\/figure><\/div>\n\n\n\n<p><\/p>\n<\/div><\/div>\n\n\n\n<p><\/p>\n<\/div><\/div>\n\n\n\n<p><\/p>\n\n\n\n<div class=\"wp-block-image is-style-default\"><figure class=\"aligncenter size-large is-resized\"><a href=\"http:\/\/94.23.28.138\/Josie\/wp-content\/uploads\/2021\/04\/noel-peintures-chalons-neige-chalons-005-bles.jpg\"><img decoding=\"async\" loading=\"lazy\" src=\"http:\/\/94.23.28.138\/Josie\/wp-content\/uploads\/2021\/04\/noel-peintures-chalons-neige-chalons-005-bles-717x1024.jpg\" alt=\"\" class=\"wp-image-1137\" width=\"216\" height=\"310\" srcset=\"https:\/\/josiepeintures.org\/wp-content\/uploads\/2021\/04\/noel-peintures-chalons-neige-chalons-005-bles-210x300.jpg 210w, https:\/\/josiepeintures.org\/wp-content\/uploads\/2021\/04\/noel-peintures-chalons-neige-chalons-005-bles-768x1097.jpg 768w, https:\/\/josiepeintures.org\/wp-content\/uploads\/2021\/04\/noel-peintures-chalons-neige-chalons-005-bles-1075x1536.jpg 1075w, https:\/\/josiepeintures.org\/wp-content\/uploads\/2021\/04\/noel-peintures-chalons-neige-chalons-005-bles-508x726.jpg 508w, https:\/\/josiepeintures.org\/wp-content\/uploads\/2021\/04\/noel-peintures-chalons-neige-chalons-005-bles.jpg 1230w\" sizes=\"(max-width: 216px) 100vw, 216px\" \/><\/a><figcaption><strong><em>Les bl\u00e9s <\/em><\/strong><br><strong><em> Lin   68 X 50<\/em><\/strong><\/figcaption><\/figure><\/div>\n\n\n\n<p><\/p>\n\n\n\n<div class=\"wp-block-group\"><div class=\"wp-block-group__inner-container is-layout-flow wp-block-group-is-layout-flow\">\n<div style=\"height:100px\" aria-hidden=\"true\" class=\"wp-block-spacer\"><\/div>\n\n\n\n<div class=\"wp-block-image is-style-default\"><figure class=\"alignright size-large is-resized\"><a href=\"http:\/\/94.23.28.138\/Josie\/wp-content\/uploads\/2021\/04\/crbst_cariboost_vigne1.jpg\"><img decoding=\"async\" loading=\"lazy\" src=\"http:\/\/94.23.28.138\/Josie\/wp-content\/uploads\/2021\/04\/crbst_cariboost_vigne1.jpg\" alt=\"\" class=\"wp-image-1041\" width=\"269\" height=\"208\"\/><\/a><figcaption><em>Vignoble   <\/em><br><em>Lin 35 X 27<\/em><\/figcaption><\/figure><\/div>\n\n\n\n<div class=\"wp-block-image is-style-default\"><figure class=\"alignleft size-large is-resized\"><a href=\"http:\/\/94.23.28.138\/Josie\/wp-content\/uploads\/2021\/04\/crbst_cariboost_venise1-1.jpg\"><img decoding=\"async\" loading=\"lazy\" src=\"http:\/\/94.23.28.138\/Josie\/wp-content\/uploads\/2021\/04\/crbst_cariboost_venise1-1.jpg\" alt=\"\" class=\"wp-image-1037\" width=\"222\" height=\"269\"\/><\/a><figcaption><strong><em>Venise <\/em><\/strong><br><strong><em> Lin  73X53 <\/em><\/strong><\/figcaption><\/figure><\/div>\n\n\n\n<div style=\"height:100px\" aria-hidden=\"true\" class=\"wp-block-spacer\"><\/div>\n<\/div><\/div>\n\n\n\n<div class=\"wp-block-image is-style-default\"><figure class=\"aligncenter size-large is-resized\"><a href=\"http:\/\/94.23.28.138\/Josie\/wp-content\/uploads\/2021\/04\/pont-du-Mau-1.jpg\"><img decoding=\"async\" loading=\"lazy\" src=\"http:\/\/94.23.28.138\/Josie\/wp-content\/uploads\/2021\/04\/pont-du-Mau-1-576x1024.jpg\" alt=\"\" class=\"wp-image-1079\" width=\"253\" height=\"449\" srcset=\"https:\/\/josiepeintures.org\/wp-content\/uploads\/2021\/04\/pont-du-Mau-1-576x1024.jpg 576w, https:\/\/josiepeintures.org\/wp-content\/uploads\/2021\/04\/pont-du-Mau-1-169x300.jpg 169w, https:\/\/josiepeintures.org\/wp-content\/uploads\/2021\/04\/pont-du-Mau-1-768x1366.jpg 768w, https:\/\/josiepeintures.org\/wp-content\/uploads\/2021\/04\/pont-du-Mau-1-864x1536.jpg 864w, https:\/\/josiepeintures.org\/wp-content\/uploads\/2021\/04\/pont-du-Mau-1-1152x2048.jpg 1152w, https:\/\/josiepeintures.org\/wp-content\/uploads\/2021\/04\/pont-du-Mau-1-1240x2205.jpg 1240w, https:\/\/josiepeintures.org\/wp-content\/uploads\/2021\/04\/pont-du-Mau-1-508x903.jpg 508w, https:\/\/josiepeintures.org\/wp-content\/uploads\/2021\/04\/pont-du-Mau-1.jpg 1275w\" sizes=\"(max-width: 253px) 100vw, 253px\" \/><\/a><figcaption><strong>Le Mau Ch\u00e2lons en Champagne   Lin   80&#215;40<\/strong><\/figcaption><\/figure><\/div>\n\n\n\n<p><\/p>\n\n\n\n<div style=\"height:100px\" aria-hidden=\"true\" class=\"wp-block-spacer\"><\/div>\n\n\n\n<div class=\"wp-block-image is-style-default\"><figure class=\"aligncenter size-large is-resized\"><a href=\"http:\/\/94.23.28.138\/Josie\/wp-content\/uploads\/2021\/05\/DSCN0536-2-1.jpg\"><img decoding=\"async\" loading=\"lazy\" src=\"http:\/\/94.23.28.138\/Josie\/wp-content\/uploads\/2021\/05\/DSCN0536-2-1-768x1024.jpg\" alt=\"\" class=\"wp-image-1234\" width=\"269\" height=\"358\" srcset=\"https:\/\/josiepeintures.org\/wp-content\/uploads\/2021\/05\/DSCN0536-2-1-768x1024.jpg 768w, https:\/\/josiepeintures.org\/wp-content\/uploads\/2021\/05\/DSCN0536-2-1-225x300.jpg 225w, https:\/\/josiepeintures.org\/wp-content\/uploads\/2021\/05\/DSCN0536-2-1-1152x1536.jpg 1152w, https:\/\/josiepeintures.org\/wp-content\/uploads\/2021\/05\/DSCN0536-2-1-1536x2048.jpg 1536w, https:\/\/josiepeintures.org\/wp-content\/uploads\/2021\/05\/DSCN0536-2-1-1240x1654.jpg 1240w, https:\/\/josiepeintures.org\/wp-content\/uploads\/2021\/05\/DSCN0536-2-1-508x677.jpg 508w, https:\/\/josiepeintures.org\/wp-content\/uploads\/2021\/05\/DSCN0536-2-1.jpg 1691w\" sizes=\"(max-width: 269px) 100vw, 269px\" \/><\/a><figcaption><strong><em>Les bouleaux     <\/em><\/strong><br><strong><em> Lin   80X40<\/em><\/strong><\/figcaption><\/figure><\/div>\n\n\n\n<p><\/p>\n\n\n<p class=\"wp-block-tag-cloud\">Il n\u2019y a aucun contenu \u00e0 afficher ici pour l\u2019instant.<\/p>\n\n\n<p><\/p>\n\n\n\n<div class=\"wp-block-image\"><figure class=\"aligncenter size-large is-resized\"><img decoding=\"async\" loading=\"lazy\" src=\"http:\/\/94.23.28.138\/Josie\/wp-content\/uploads\/2021\/04\/Copie-2-de-Copie-de-crbst_100_2073-1.jpg\" alt=\"\" class=\"wp-image-1134\" width=\"343\" height=\"414\"\/><figcaption><em><strong><span class=\"has-inline-color has-black-color\">Notre Dame   Ch\u00e2lons en Champagne<\/span><\/strong><\/em><br><em><span class=\"has-inline-color has-black-color\"><strong> Lin 71X53<\/strong><\/span><\/em><\/figcaption><\/figure><\/div>\n\n\n\n<div class=\"wp-block-image\"><figure class=\"aligncenter size-large is-resized\"><img decoding=\"async\" loading=\"lazy\" src=\"http:\/\/94.23.28.138\/Josie\/wp-content\/uploads\/2021\/09\/bourbonne-les-bains-1-1024x768.jpg\" alt=\"\" class=\"wp-image-1513\" width=\"400\" height=\"299\" srcset=\"https:\/\/josiepeintures.org\/wp-content\/uploads\/2021\/09\/bourbonne-les-bains-1-1024x768.jpg 1024w, https:\/\/josiepeintures.org\/wp-content\/uploads\/2021\/09\/bourbonne-les-bains-1-300x225.jpg 300w, https:\/\/josiepeintures.org\/wp-content\/uploads\/2021\/09\/bourbonne-les-bains-1-768x576.jpg 768w, https:\/\/josiepeintures.org\/wp-content\/uploads\/2021\/09\/bourbonne-les-bains-1-1536x1152.jpg 1536w, https:\/\/josiepeintures.org\/wp-content\/uploads\/2021\/09\/bourbonne-les-bains-1-2048x1536.jpg 2048w, https:\/\/josiepeintures.org\/wp-content\/uploads\/2021\/09\/bourbonne-les-bains-1-1240x930.jpg 1240w, https:\/\/josiepeintures.org\/wp-content\/uploads\/2021\/09\/bourbonne-les-bains-1-508x381.jpg 508w\" sizes=\"(max-width: 400px) 100vw, 400px\" \/><figcaption><span class=\"has-inline-color has-black-color\"><strong><em>Bourbonne les Bains       <br>   Lin  51X63<\/em><\/strong><\/span><\/figcaption><\/figure><\/div>\n\n\n\n<!--nextpage-->\n\n\n\n<ul><li><\/li><\/ul>\n","protected":false},"excerpt":{"rendered":"<p>\u00ab\u00a0Il n&rsquo;y a pas d&rsquo;art abstrait. Vous devez toujours commencer par quelque chose, ensuite vous pourrez \u00e9liminer toutes les traces de la r\u00e9alit\u00e9.\u00a0\u00bb Pablo Picasso<\/p>\n","protected":false},"author":1,"featured_media":0,"parent":0,"menu_order":0,"comment_status":"closed","ping_status":"closed","template":"","meta":{"footnotes":""},"_links":{"self":[{"href":"https:\/\/josiepeintures.org\/index.php?rest_route=\/wp\/v2\/pages\/1123"}],"collection":[{"href":"https:\/\/josiepeintures.org\/index.php?rest_route=\/wp\/v2\/pages"}],"about":[{"href":"https:\/\/josiepeintures.org\/index.php?rest_route=\/wp\/v2\/types\/page"}],"author":[{"embeddable":true,"href":"https:\/\/josiepeintures.org\/index.php?rest_route=\/wp\/v2\/users\/1"}],"replies":[{"embeddable":true,"href":"https:\/\/josiepeintures.org\/index.php?rest_route=%2Fwp%2Fv2%2Fcomments&post=1123"}],"version-history":[{"count":61,"href":"https:\/\/josiepeintures.org\/index.php?rest_route=\/wp\/v2\/pages\/1123\/revisions"}],"predecessor-version":[{"id":1815,"href":"https:\/\/josiepeintures.org\/index.php?rest_route=\/wp\/v2\/pages\/1123\/revisions\/1815"}],"wp:attachment":[{"href":"https:\/\/josiepeintures.org\/index.php?rest_route=%2Fwp%2Fv2%2Fmedia&parent=1123"}],"curies":[{"name":"wp","href":"https:\/\/api.w.org\/{rel}","templated":true}]}}